{"id":551,"date":"2023-08-02T05:44:33","date_gmt":"2023-08-02T05:44:33","guid":{"rendered":"https:\/\/www.svenska.es\/om-oss\/"},"modified":"2023-08-16T05:56:50","modified_gmt":"2023-08-16T05:56:50","slug":"quienes-somos","status":"publish","type":"page","link":"https:\/\/www.svenska.es\/es\/quienes-somos\/","title":{"rendered":"Qui\u00e9nes somos"},"content":{"rendered":"<section class=\"wpb-content-wrapper\"><p>[vc_row][vc_column]<div id=\"cz_36659\" class=\"cz_36659 cz_title clr cz_title_pos_inline\"><div class=\"cz_title_content\"><div class=\"cz_wpe_content\"><h3 style=\"color: #2d5fa1; border-bottom: 2px solid #FFCA20; padding-bottom: 3px;\">Qui\u00e9nes somos<\/h3>\n<\/div><\/div><\/div>[\/vc_column][\/vc_row][vc_row][vc_column][vc_column_text]Svenska i Madrid es una asociaci\u00f3n educativa fundada en 2017. Los primeros cursos de sueco como lengua materna comenzaron en oto\u00f1o de ese mismo a\u00f1o. Desde 2020 tambi\u00e9n ofrecemos sueco como lengua materna online y ahora tambi\u00e9n alcanzamos a alumnos en toda Espa\u00f1a y otras partes de Europa.<\/p>\n<p>La asociaci\u00f3n Svenska i Madrid ofrece ense\u00f1anza de sueco como lengua materna y sueco como segunda lengua para alumnos de 6 a 20 a\u00f1os. Nuestro objetivo es que nuestros alumnos mantengan y desarrollen sus habilidades ling\u00fc\u00edsticas en sueco, pero que tambi\u00e9n aprendan mucho sobre la cultura, sociedad y tradiciones suecas. La asociaci\u00f3n est\u00e1 aprobada por Consejo Nacional de Educaci\u00f3n de Suecia (Skolverket) y sigue el plan de estudios aprobado por el Consejo Nacional de Educaci\u00f3n de Suecia para la educaci\u00f3n en sueco para estudiantes suecos en el extranjero.<\/p>\n<p>La fundadora es Camilla Harg, quien es profesora certificada en Suecia. Camilla tiene larga experiencia ense\u00f1ando tanto en instituciones en Suecia como en Espa\u00f1a. Aparte de fundar y hacer crecer la asociaci\u00f3n Svenska i Madrid ha ense\u00f1ado sueco como lengua materna en la Escuela Escandinava de Madrid y sueco A1-B2 a alumnos adultos en la Universidad Complutense de Madrid.[\/vc_column_text][\/vc_column][\/vc_row]<\/p>\n<\/section>","protected":false},"excerpt":{"rendered":"<p>[vc_row][vc_column][\/vc_column][\/vc_row][vc_row][vc_column][vc_column_text]Svenska i Madrid es una asociaci\u00f3n educativa fundada en 2017. Los &#8230; <\/p>\n","protected":false},"author":1,"featured_media":0,"parent":0,"menu_order":0,"comment_status":"closed","ping_status":"closed","template":"","meta":{"footnotes":""},"class_list":["post-551","page","type-page","status-publish","hentry"],"_links":{"self":[{"href":"https:\/\/www.svenska.es\/es\/wp-json\/wp\/v2\/pages\/551","targetHints":{"allow":["GET"]}}],"collection":[{"href":"https:\/\/www.svenska.es\/es\/wp-json\/wp\/v2\/pages"}],"about":[{"href":"https:\/\/www.svenska.es\/es\/wp-json\/wp\/v2\/types\/page"}],"author":[{"embeddable":true,"href":"https:\/\/www.svenska.es\/es\/wp-json\/wp\/v2\/users\/1"}],"replies":[{"embeddable":true,"href":"https:\/\/www.svenska.es\/es\/wp-json\/wp\/v2\/comments?post=551"}],"version-history":[{"count":5,"href":"https:\/\/www.svenska.es\/es\/wp-json\/wp\/v2\/pages\/551\/revisions"}],"predecessor-version":[{"id":787,"href":"https:\/\/www.svenska.es\/es\/wp-json\/wp\/v2\/pages\/551\/revisions\/787"}],"wp:attachment":[{"href":"https:\/\/www.svenska.es\/es\/wp-json\/wp\/v2\/media?parent=551"}],"curies":[{"name":"wp","href":"https:\/\/api.w.org\/{rel}","templated":true}]}}