{"id":669,"date":"2023-08-02T17:04:35","date_gmt":"2023-08-02T17:04:35","guid":{"rendered":"https:\/\/www.svenska.es\/vad-ar-kompletterande-svenska\/"},"modified":"2023-08-03T13:04:09","modified_gmt":"2023-08-03T13:04:09","slug":"en-que-consisten-las-clases-de-sueco-como-lengua-materna","status":"publish","type":"page","link":"https:\/\/www.svenska.es\/es\/en-que-consisten-las-clases-de-sueco-como-lengua-materna\/","title":{"rendered":"\u00bfEn qu\u00e9 consisten las clases de Sueco como lengua materna?"},"content":{"rendered":"<section class=\"wpb-content-wrapper\"><p>[vc_row][vc_column width=&#8221;1\/3&#8243;]<div id=\"cz_77700\" class=\"cz_77700 cz_image clr cz_image_no_fx center_on_mobile\"><div class=\"\" ><div class=\"cz_image_in\"><div class=\"cz_main_image\"><img decoding=\"async\" width=\"410\" height=\"500\" src=\"https:\/\/www.svenska.es\/wp-content\/uploads\/2023\/08\/Vad-ar-kompletterande-Svenska.jpg\" class=\"attachment-full\" alt=\"\" title=\"Vad \u00e4r kompletterande Svenska\" srcset=\"https:\/\/www.svenska.es\/wp-content\/uploads\/2023\/08\/Vad-ar-kompletterande-Svenska.jpg 410w, https:\/\/www.svenska.es\/wp-content\/uploads\/2023\/08\/Vad-ar-kompletterande-Svenska-246x300.jpg 246w\" sizes=\"(max-width: 410px) 100vw, 410px\" \/><\/div><\/div><\/div><\/div><div class=\"cz_gap clr  hide_on_tablet hide_on_mobile\" style=\"height: 0px\"><\/div><div class=\"cz_gap show_on_tablet clr  show_only_tablet\" style=\"height: 0px\"><\/div><div class=\"cz_gap show_on_mobile clr\" style=\"height: 35px\"><\/div>[\/vc_column][vc_column width=&#8221;2\/3&#8243;][vc_column_text]Sueco como lengua materna est\u00e1 dirigido a alumnos de 6 a 20 a\u00f1os que estudian en una escuela local o internacional fuera de Suecia y desean mantener y desarrollar sus conocimientos de sueco, as\u00ed como aprender m\u00e1s sobre la cultura, sociedad y tradiciones suecas. El estudiante que participe en sueco como lengua materna debe tener al menos uno de sus padres o tutores ciudadano sueco para poder beneficiarse de la cuota anual subvencionada por \u201cSkolverket\u201d. El sueco debe ser un idioma que se utilice de manera habitual en el hogar del alumno.<\/p>\n<p>El sueco como lengua materna se ofrece de forma presencial en el centro de la Ciudad de Madrid, o a distancia en Zoom. Tambi\u00e9n utilizamos una plataforma digital donde los alumnos realizan tareas de lectura y escritura, ven pel\u00edculas y videos, quiz, foros, y m\u00e1s.<\/p>\n<p>Alumnos que no hablen o comprendan el sueco cotidiano no deben inscribirse en sueco como lengua materna, sino en el nivel principiante de sueco (A1-A2) que se realizaran por Zoom.<\/p>\n<p>El sueco como lengua materna es una forma de educaci\u00f3n parcialmente subvencionada por el estado a trav\u00e9s del Consejo Nacional de Educaci\u00f3n de Suecia (Skolverket), ya que cumple con las regulaciones del Consejo para la educaci\u00f3n en lengua materna de ni\u00f1os y j\u00f3venes ciudadanos suecos en el extranjero (SKOLFS 2008:9). Por lo tanto, las clases se basan en el plan de estudios aprobado por el Consejo Nacional de Educaci\u00f3n de Suecia para la educaci\u00f3n en sueco para estudiantes suecos en el extranjero. Para obtener m\u00e1s informaci\u00f3n por favor visite: www.skolverket.se.[\/vc_column_text][\/vc_column][vc_column]<div class=\"cz_gap clr  hide_on_tablet hide_on_mobile\" style=\"height: 50px\"><\/div><div class=\"cz_gap show_on_tablet clr  show_only_tablet\" style=\"height: 35px\"><\/div><div class=\"cz_gap show_on_mobile clr\" style=\"height: 35px\"><\/div>[\/vc_column][\/vc_row]<\/p>\n<\/section>","protected":false},"excerpt":{"rendered":"<p>[vc_row][vc_column width=&#8221;1\/3&#8243;][\/vc_column][vc_column width=&#8221;2\/3&#8243;][vc_column_text]Sueco como lengua materna est\u00e1 dirigido a alumnos de &#8230; <\/p>\n","protected":false},"author":1,"featured_media":0,"parent":0,"menu_order":0,"comment_status":"closed","ping_status":"closed","template":"","meta":{"footnotes":""},"class_list":["post-669","page","type-page","status-publish","hentry"],"_links":{"self":[{"href":"https:\/\/www.svenska.es\/es\/wp-json\/wp\/v2\/pages\/669","targetHints":{"allow":["GET"]}}],"collection":[{"href":"https:\/\/www.svenska.es\/es\/wp-json\/wp\/v2\/pages"}],"about":[{"href":"https:\/\/www.svenska.es\/es\/wp-json\/wp\/v2\/types\/page"}],"author":[{"embeddable":true,"href":"https:\/\/www.svenska.es\/es\/wp-json\/wp\/v2\/users\/1"}],"replies":[{"embeddable":true,"href":"https:\/\/www.svenska.es\/es\/wp-json\/wp\/v2\/comments?post=669"}],"version-history":[{"count":2,"href":"https:\/\/www.svenska.es\/es\/wp-json\/wp\/v2\/pages\/669\/revisions"}],"predecessor-version":[{"id":671,"href":"https:\/\/www.svenska.es\/es\/wp-json\/wp\/v2\/pages\/669\/revisions\/671"}],"wp:attachment":[{"href":"https:\/\/www.svenska.es\/es\/wp-json\/wp\/v2\/media?parent=669"}],"curies":[{"name":"wp","href":"https:\/\/api.w.org\/{rel}","templated":true}]}}