{"id":677,"date":"2023-08-02T08:36:59","date_gmt":"2023-08-02T08:36:59","guid":{"rendered":"https:\/\/www.svenska.es\/vara-kurser\/kompletterande-svenska-svenska-som-hemsprak-6-20-ar\/"},"modified":"2024-07-01T16:22:27","modified_gmt":"2024-07-01T16:22:27","slug":"sueco-como-lengua-materna-6-a-20-anos","status":"publish","type":"page","link":"https:\/\/www.svenska.es\/es\/nuestros-cursos\/sueco-como-lengua-materna-6-a-20-anos\/","title":{"rendered":"Sueco como lengua materna 6 a 20 a\u00f1os"},"content":{"rendered":"<section class=\"wpb-content-wrapper\"><p>[vc_row][vc_column width=&#8221;1\/3&#8243;]<div id=\"cz_33494\" class=\"cz_33494 cz_image clr cz_image_no_fx center_on_mobile\"><div class=\"\" ><div class=\"cz_image_in\"><div class=\"cz_main_image\"><img decoding=\"async\" width=\"410\" height=\"500\" src=\"https:\/\/www.svenska.es\/wp-content\/uploads\/2023\/08\/Kompletterande-Svenska-1.jpg\" class=\"attachment-full\" alt=\"\" title=\"Kompletterande Svenska\" srcset=\"https:\/\/www.svenska.es\/wp-content\/uploads\/2023\/08\/Kompletterande-Svenska-1.jpg 410w, https:\/\/www.svenska.es\/wp-content\/uploads\/2023\/08\/Kompletterande-Svenska-1-246x300.jpg 246w\" sizes=\"(max-width: 410px) 100vw, 410px\" \/><\/div><\/div><\/div><\/div><div class=\"cz_gap clr  hide_on_tablet hide_on_mobile\" style=\"height: 0px\"><\/div><div class=\"cz_gap show_on_tablet clr  show_only_tablet\" style=\"height: 0px\"><\/div><div class=\"cz_gap show_on_mobile clr\" style=\"height: 35px\"><\/div>[\/vc_column][vc_column width=&#8221;2\/3&#8243;]<div id=\"cz_103490\" class=\"cz_103490 cz_title clr cz_title_pos_inline\"><div class=\"cz_title_content\"><div class=\"cz_wpe_content\"><h3 style=\"color: #2d5fa1; border-bottom: 2px solid #FFCA20; padding-bottom: 3px;\">Sueco como lengua materna (6 a 20 a\u00f1os)<\/h3>\n<\/div><\/div><\/div>[vc_column_text]Nuestra ense\u00f1anza de idioma sueco como lengua materna se desarrolla en nuestra luminosa, bonita y altamente equipada aula que se encuentra en el centro de Madrid, a 200m de la estaci\u00f3n de metro \u201cVentas\u201d. Nuestro aula est\u00e1 adaptado para crear un ambiente de aprendizaje positivo para nuestros alumnos.<\/p>\n<p>Nuestro objetivo es que los alumnos disfruten aprendiendo m\u00e1s sueco. Las clases son interactivas y din\u00e1micas, enfocadas en la expresi\u00f3n oral, al tiempo que le damos gran importancia a mejorar sus habilidades de escritura y lectura en sueco.<\/p>\n<p>Tambi\u00e9n utilizamos una plataforma digital como complemento, donde parte de la ense\u00f1anza se realiza mediante ejercicios de lectura y escritura, videos, cuestionarios y foros, etc., y que se realizan en casa a lo largo de la semana. El tiempo total de estudio por semana es de 2 a 3 horas.[\/vc_column_text][vc_column_text]Alumnos que no hablen o comprendan el sueco cotidiano no deben inscribirse en sueco como lengua materna, sino en el nivel principiante de sueco (A1-A2) que se realizaran por Zoom.[\/vc_column_text][\/vc_column][vc_column]<div class=\"cz_gap clr  hide_on_tablet hide_on_mobile\" style=\"height: 50px\"><\/div><div class=\"cz_gap show_on_tablet clr  show_only_tablet\" style=\"height: 35px\"><\/div><div class=\"cz_gap show_on_mobile clr\" style=\"height: 35px\"><\/div>[\/vc_column][\/vc_row][vc_row full_width=&#8221;stretch_row&#8221; css=&#8221;.vc_custom_1690965650318{background-color: #2d5fa1 !important;}&#8221;][vc_column]<div class=\"cz_gap clr  hide_on_tablet hide_on_mobile\" style=\"height: 75px\"><\/div><div class=\"cz_gap show_on_tablet clr  show_only_tablet\" style=\"height: 55px\"><\/div><div class=\"cz_gap show_on_mobile clr\" style=\"height: 35px\"><\/div>[\/vc_column][vc_column width=&#8221;1\/3&#8243;]<div id=\"cz_66744\" class=\"cz_66744 cz_title clr cz_title_pos_inline\"><div class=\"cz_title_content\"><div class=\"cz_wpe_content\"><h3>Durante los cursos escolares 2024-2026 se realizar\u00e1n todas las clases online via Zoom<\/h3>\n<\/div><\/div><\/div>[\/vc_column][vc_column]<div class=\"cz_gap clr  hide_on_tablet hide_on_mobile\" style=\"height: 75px\"><\/div><div class=\"cz_gap show_on_tablet clr  show_only_tablet\" style=\"height: 55px\"><\/div><div class=\"cz_gap show_on_mobile clr\" style=\"height: 35px\"><\/div>[\/vc_column][\/vc_row]<\/p>\n<\/section>","protected":false},"excerpt":{"rendered":"<p>[vc_row][vc_column width=&#8221;1\/3&#8243;][\/vc_column][vc_column width=&#8221;2\/3&#8243;][vc_column_text]Nuestra ense\u00f1anza de idioma sueco como lengua materna se &#8230; <\/p>\n","protected":false},"author":1,"featured_media":0,"parent":426,"menu_order":0,"comment_status":"closed","ping_status":"closed","template":"","meta":{"footnotes":""},"class_list":["post-677","page","type-page","status-publish","hentry"],"_links":{"self":[{"href":"https:\/\/www.svenska.es\/es\/wp-json\/wp\/v2\/pages\/677","targetHints":{"allow":["GET"]}}],"collection":[{"href":"https:\/\/www.svenska.es\/es\/wp-json\/wp\/v2\/pages"}],"about":[{"href":"https:\/\/www.svenska.es\/es\/wp-json\/wp\/v2\/types\/page"}],"author":[{"embeddable":true,"href":"https:\/\/www.svenska.es\/es\/wp-json\/wp\/v2\/users\/1"}],"replies":[{"embeddable":true,"href":"https:\/\/www.svenska.es\/es\/wp-json\/wp\/v2\/comments?post=677"}],"version-history":[{"count":8,"href":"https:\/\/www.svenska.es\/es\/wp-json\/wp\/v2\/pages\/677\/revisions"}],"predecessor-version":[{"id":937,"href":"https:\/\/www.svenska.es\/es\/wp-json\/wp\/v2\/pages\/677\/revisions\/937"}],"up":[{"embeddable":true,"href":"https:\/\/www.svenska.es\/es\/wp-json\/wp\/v2\/pages\/426"}],"wp:attachment":[{"href":"https:\/\/www.svenska.es\/es\/wp-json\/wp\/v2\/media?parent=677"}],"curies":[{"name":"wp","href":"https:\/\/api.w.org\/{rel}","templated":true}]}}